{"id":2362,"date":"2024-06-21T13:57:06","date_gmt":"2024-06-21T13:57:06","guid":{"rendered":"https:\/\/mralphabets.com\/?post_type=product&#038;p=2362"},"modified":"2024-07-19T13:18:03","modified_gmt":"2024-07-19T13:18:03","slug":"inside-out-2-alphabet-letters-png","status":"publish","type":"product","link":"https:\/\/mralphabets.com\/es\/producto\/inside-out-2-alphabet-letters-png\/","title":{"rendered":"Inside Out 2 Alphabet Letters png"},"content":{"rendered":"<p>Su compra contiene: 1 archivo ZIP con 45 im\u00e1genes PNG de alta calidad<\/p>\n<p>El Zip Contiene:<br \/>\n26 Im\u00e1genes de Letras de la A a la Z<br \/>\n10 Im\u00e1genes de N\u00fameros de 0 al 9<br \/>\n5 Im\u00e1genes de Simbolos<br \/>\n3 Banderines de Cumplea\u00f1os<br \/>\n1 Etiqueta Multiprop\u00f3sito<br \/>\nPuede Ver la imagen 2 como Ejemplo<\/p>\n<p>Las Im\u00e1genes est\u00e1n en Formato PNG Sin Fondo de Alta Calidad de Resoluci\u00f3n de 300 DPI (<strong>Ver imagen 3)<\/strong> es un Ejemplo, Formato compatible con Silhouette Studio y Cricut. <strong>Usted puede guardar la \u00faltima imagen para ver la calidad.<\/strong><\/p>\n<p>&#8212;&#8212;&#8212;&#8212;&#8212;&#8212;&#8212;&#8212;&#8212;&#8212;&#8212;&#8212;&#8212;&#8212;&#8212;&#8212;&#8211; &#8212;&#8212;-<br \/>\nSI USTED NECESITA UN ALFABETO CON UN TEMA ESPECIAL, USTED PUEDE ESCRIBIR A M\u00cd<br \/>\n&#8212;&#8212;&#8212;&#8212;&#8212;&#8212;&#8212;&#8212;&#8212;&#8212;&#8212;&#8212;&#8212;&#8212;-<\/p>\n<p>Por FAVOR NOTA: Esta lista es un ARCHIVO DIGITAL.<br \/>\nNING\u00daN F\u00cdSICO DE LOS ART\u00cdCULOS SER\u00c1N ENVIADOS. ***<\/p>\n<p>DESCARGA INSTANT\u00c1NEA = No hay tiempos de espera; Descargar los archivos tan pronto como se complete la compra<\/p>\n<p>SI USTED TIENE PROBLEMAS CON LA DESCARGA O PREGUNTAS QUE ME ENV\u00cdE UN MENSAJE Y ESTAR\u00c9 ENCANTADO DE AYUDARLE.<\/p>","protected":false},"excerpt":{"rendered":"<p>Su compra contiene: 1 archivo ZIP con 45 im\u00e1genes PNG de alta calidad<\/p>\n<p>El Zip Contiene:<br \/>\n26 Im\u00e1genes de Letras de la A a la Z<br \/>\n10 Im\u00e1genes de N\u00fameros de 0 al 9<br \/>\n5 Im\u00e1genes de Simbolos<br \/>\n3 Banderines de Cumplea\u00f1os<br \/>\n1 Etiqueta Multiprop\u00f3sito<br \/>\nPuede Ver la imagen 2 como Ejemplo<\/p>\n<p>Las Im\u00e1genes est\u00e1n en Formato PNG Sin Fondo de Alta Calidad de Resoluci\u00f3n de 300 DPI (<strong>Ver imagen 3)<\/strong> es un Ejemplo, Formato compatible con Silhouette Studio y Cricut. <strong>Usted puede guardar la \u00faltima imagen para ver la calidad.<\/strong><\/p>","protected":false},"featured_media":2364,"comment_status":"open","ping_status":"closed","template":"","meta":{"jetpack_publicize_message":"","jetpack_publicize_feature_enabled":true,"jetpack_social_post_already_shared":true,"jetpack_social_options":{"image_generator_settings":{"template":"highway","enabled":false},"version":2}},"product_cat":[497],"product_tag":[282,279,276],"jetpack_publicize_connections":[],"yoast_head":"<!-- This site is optimized with the Yoast SEO plugin v24.5 - https:\/\/yoast.com\/wordpress\/plugins\/seo\/ -->\n<title>Inside Out 2 Alphabet Letters png - MR ALPHABETS<\/title>\n<meta name=\"description\" content=\"Stitch Alphabet Letters png New 4\" \/>\n<meta name=\"robots\" content=\"index, follow, max-snippet:-1, max-image-preview:large, max-video-preview:-1\" \/>\n<link rel=\"canonical\" href=\"https:\/\/mralphabets.com\/es\/producto\/inside-out-2-alphabet-letters-png\/\" \/>\n<meta property=\"og:locale\" content=\"es_MX\" \/>\n<meta property=\"og:type\" content=\"article\" \/>\n<meta property=\"og:title\" content=\"Inside Out 2 Alphabet Letters png - MR ALPHABETS\" \/>\n<meta property=\"og:description\" content=\"Stitch Alphabet Letters png New 4\" \/>\n<meta property=\"og:url\" content=\"https:\/\/mralphabets.com\/es\/producto\/inside-out-2-alphabet-letters-png\/\" \/>\n<meta property=\"og:site_name\" content=\"MR ALPHABETS\" \/>\n<meta property=\"article:modified_time\" content=\"2024-07-19T13:18:03+00:00\" \/>\n<meta property=\"og:image\" content=\"http:\/\/mralphabets.com\/wp-content\/uploads\/2024\/06\/Inside-Out-2-Alphabet-Letters-1.png\" \/>\n\t<meta property=\"og:image:width\" content=\"1000\" \/>\n\t<meta property=\"og:image:height\" content=\"1000\" \/>\n\t<meta property=\"og:image:type\" content=\"image\/png\" \/>\n<meta name=\"twitter:card\" content=\"summary_large_image\" \/>\n<meta name=\"twitter:label1\" content=\"Tiempo de lectura\" \/>\n\t<meta name=\"twitter:data1\" content=\"1 minuto\" \/>\n<script type=\"application\/ld+json\" class=\"yoast-schema-graph\">{\"@context\":\"https:\/\/schema.org\",\"@graph\":[{\"@type\":\"WebPage\",\"@id\":\"https:\/\/mralphabets.com\/product\/inside-out-2-alphabet-letters-png\/\",\"url\":\"https:\/\/mralphabets.com\/product\/inside-out-2-alphabet-letters-png\/\",\"name\":\"Inside Out 2 Alphabet Letters png - MR ALPHABETS\",\"isPartOf\":{\"@id\":\"https:\/\/mralphabets.com\/#website\"},\"primaryImageOfPage\":{\"@id\":\"https:\/\/mralphabets.com\/product\/inside-out-2-alphabet-letters-png\/#primaryimage\"},\"image\":{\"@id\":\"https:\/\/mralphabets.com\/product\/inside-out-2-alphabet-letters-png\/#primaryimage\"},\"thumbnailUrl\":\"https:\/\/mralphabets.com\/wp-content\/uploads\/2024\/06\/Inside-Out-2-Alphabet-Letters-1.png\",\"datePublished\":\"2024-06-21T13:57:06+00:00\",\"dateModified\":\"2024-07-19T13:18:03+00:00\",\"description\":\"Stitch Alphabet Letters png New 4\",\"breadcrumb\":{\"@id\":\"https:\/\/mralphabets.com\/product\/inside-out-2-alphabet-letters-png\/#breadcrumb\"},\"inLanguage\":\"es\",\"potentialAction\":[{\"@type\":\"ReadAction\",\"target\":[\"https:\/\/mralphabets.com\/product\/inside-out-2-alphabet-letters-png\/\"]}]},{\"@type\":\"ImageObject\",\"inLanguage\":\"es\",\"@id\":\"https:\/\/mralphabets.com\/product\/inside-out-2-alphabet-letters-png\/#primaryimage\",\"url\":\"https:\/\/mralphabets.com\/wp-content\/uploads\/2024\/06\/Inside-Out-2-Alphabet-Letters-1.png\",\"contentUrl\":\"https:\/\/mralphabets.com\/wp-content\/uploads\/2024\/06\/Inside-Out-2-Alphabet-Letters-1.png\",\"width\":1000,\"height\":1000,\"caption\":\"Inside Out 2 Alphabet Letters\"},{\"@type\":\"BreadcrumbList\",\"@id\":\"https:\/\/mralphabets.com\/product\/inside-out-2-alphabet-letters-png\/#breadcrumb\",\"itemListElement\":[{\"@type\":\"ListItem\",\"position\":1,\"name\":\"Home\",\"item\":\"https:\/\/mralphabets.com\/\"},{\"@type\":\"ListItem\",\"position\":2,\"name\":\"Shop\",\"item\":\"https:\/\/mralphabets.com\/\"},{\"@type\":\"ListItem\",\"position\":3,\"name\":\"Inside Out 2 Alphabet Letters png\"}]},{\"@type\":\"WebSite\",\"@id\":\"https:\/\/mralphabets.com\/#website\",\"url\":\"https:\/\/mralphabets.com\/\",\"name\":\"MR ALPHABETS\",\"description\":\"Printable Digital Alphabets\",\"publisher\":{\"@id\":\"https:\/\/mralphabets.com\/#organization\"},\"potentialAction\":[{\"@type\":\"SearchAction\",\"target\":{\"@type\":\"EntryPoint\",\"urlTemplate\":\"https:\/\/mralphabets.com\/?s={search_term_string}\"},\"query-input\":{\"@type\":\"PropertyValueSpecification\",\"valueRequired\":true,\"valueName\":\"search_term_string\"}}],\"inLanguage\":\"es\"},{\"@type\":\"Organization\",\"@id\":\"https:\/\/mralphabets.com\/#organization\",\"name\":\"MR ALPHABETS\",\"url\":\"https:\/\/mralphabets.com\/\",\"logo\":{\"@type\":\"ImageObject\",\"inLanguage\":\"es\",\"@id\":\"https:\/\/mralphabets.com\/#\/schema\/logo\/image\/\",\"url\":\"http:\/\/mralphabets.com\/wp-content\/uploads\/2022\/12\/logo9_26_10216.png\",\"contentUrl\":\"http:\/\/mralphabets.com\/wp-content\/uploads\/2022\/12\/logo9_26_10216.png\",\"width\":1000,\"height\":1000,\"caption\":\"MR ALPHABETS\"},\"image\":{\"@id\":\"https:\/\/mralphabets.com\/#\/schema\/logo\/image\/\"}}]}<\/script>\n<!-- \/ Yoast SEO plugin. -->","yoast_head_json":{"title":"Inside Out 2 Alphabet Letters png - MR ALPHABETS","description":"Stitch Alphabet Letters png New 4","robots":{"index":"index","follow":"follow","max-snippet":"max-snippet:-1","max-image-preview":"max-image-preview:large","max-video-preview":"max-video-preview:-1"},"canonical":"https:\/\/mralphabets.com\/es\/producto\/inside-out-2-alphabet-letters-png\/","og_locale":"es_MX","og_type":"article","og_title":"Inside Out 2 Alphabet Letters png - MR ALPHABETS","og_description":"Stitch Alphabet Letters png New 4","og_url":"https:\/\/mralphabets.com\/es\/producto\/inside-out-2-alphabet-letters-png\/","og_site_name":"MR ALPHABETS","article_modified_time":"2024-07-19T13:18:03+00:00","og_image":[{"width":1000,"height":1000,"url":"http:\/\/mralphabets.com\/wp-content\/uploads\/2024\/06\/Inside-Out-2-Alphabet-Letters-1.png","type":"image\/png"}],"twitter_card":"summary_large_image","twitter_misc":{"Tiempo de lectura":"1 minuto"},"schema":{"@context":"https:\/\/schema.org","@graph":[{"@type":"WebPage","@id":"https:\/\/mralphabets.com\/product\/inside-out-2-alphabet-letters-png\/","url":"https:\/\/mralphabets.com\/product\/inside-out-2-alphabet-letters-png\/","name":"Inside Out 2 Alphabet Letters png - MR ALPHABETS","isPartOf":{"@id":"https:\/\/mralphabets.com\/#website"},"primaryImageOfPage":{"@id":"https:\/\/mralphabets.com\/product\/inside-out-2-alphabet-letters-png\/#primaryimage"},"image":{"@id":"https:\/\/mralphabets.com\/product\/inside-out-2-alphabet-letters-png\/#primaryimage"},"thumbnailUrl":"https:\/\/mralphabets.com\/wp-content\/uploads\/2024\/06\/Inside-Out-2-Alphabet-Letters-1.png","datePublished":"2024-06-21T13:57:06+00:00","dateModified":"2024-07-19T13:18:03+00:00","description":"Stitch Alphabet Letters png New 4","breadcrumb":{"@id":"https:\/\/mralphabets.com\/product\/inside-out-2-alphabet-letters-png\/#breadcrumb"},"inLanguage":"es","potentialAction":[{"@type":"ReadAction","target":["https:\/\/mralphabets.com\/product\/inside-out-2-alphabet-letters-png\/"]}]},{"@type":"ImageObject","inLanguage":"es","@id":"https:\/\/mralphabets.com\/product\/inside-out-2-alphabet-letters-png\/#primaryimage","url":"https:\/\/mralphabets.com\/wp-content\/uploads\/2024\/06\/Inside-Out-2-Alphabet-Letters-1.png","contentUrl":"https:\/\/mralphabets.com\/wp-content\/uploads\/2024\/06\/Inside-Out-2-Alphabet-Letters-1.png","width":1000,"height":1000,"caption":"Inside Out 2 Alphabet Letters"},{"@type":"BreadcrumbList","@id":"https:\/\/mralphabets.com\/product\/inside-out-2-alphabet-letters-png\/#breadcrumb","itemListElement":[{"@type":"ListItem","position":1,"name":"Home","item":"https:\/\/mralphabets.com\/"},{"@type":"ListItem","position":2,"name":"Shop","item":"https:\/\/mralphabets.com\/"},{"@type":"ListItem","position":3,"name":"Inside Out 2 Alphabet Letters png"}]},{"@type":"WebSite","@id":"https:\/\/mralphabets.com\/#website","url":"https:\/\/mralphabets.com\/","name":"MR ALFABETOS","description":"Digitales De Impresi\u00f3n Alfabetos","publisher":{"@id":"https:\/\/mralphabets.com\/#organization"},"potentialAction":[{"@type":"SearchAction","target":{"@type":"EntryPoint","urlTemplate":"https:\/\/mralphabets.com\/?s={search_term_string}"},"query-input":{"@type":"PropertyValueSpecification","valueRequired":true,"valueName":"search_term_string"}}],"inLanguage":"es"},{"@type":"Organization","@id":"https:\/\/mralphabets.com\/#organization","name":"MR ALFABETOS","url":"https:\/\/mralphabets.com\/","logo":{"@type":"ImageObject","inLanguage":"es","@id":"https:\/\/mralphabets.com\/#\/schema\/logo\/image\/","url":"http:\/\/mralphabets.com\/wp-content\/uploads\/2022\/12\/logo9_26_10216.png","contentUrl":"http:\/\/mralphabets.com\/wp-content\/uploads\/2022\/12\/logo9_26_10216.png","width":1000,"height":1000,"caption":"MR ALPHABETS"},"image":{"@id":"https:\/\/mralphabets.com\/#\/schema\/logo\/image\/"}}]}},"jetpack_sharing_enabled":true,"_links":{"self":[{"href":"https:\/\/mralphabets.com\/es\/wp-json\/wp\/v2\/product\/2362"}],"collection":[{"href":"https:\/\/mralphabets.com\/es\/wp-json\/wp\/v2\/product"}],"about":[{"href":"https:\/\/mralphabets.com\/es\/wp-json\/wp\/v2\/types\/product"}],"replies":[{"embeddable":true,"href":"https:\/\/mralphabets.com\/es\/wp-json\/wp\/v2\/comments?post=2362"}],"wp:featuredmedia":[{"embeddable":true,"href":"https:\/\/mralphabets.com\/es\/wp-json\/wp\/v2\/media\/2364"}],"wp:attachment":[{"href":"https:\/\/mralphabets.com\/es\/wp-json\/wp\/v2\/media?parent=2362"}],"wp:term":[{"taxonomy":"product_cat","embeddable":true,"href":"https:\/\/mralphabets.com\/es\/wp-json\/wp\/v2\/product_cat?post=2362"},{"taxonomy":"product_tag","embeddable":true,"href":"https:\/\/mralphabets.com\/es\/wp-json\/wp\/v2\/product_tag?post=2362"}],"curies":[{"name":"wp","href":"https:\/\/api.w.org\/{rel}","templated":true}]}}