{"id":2380,"date":"2024-06-21T17:28:22","date_gmt":"2024-06-21T17:28:22","guid":{"rendered":"https:\/\/mralphabets.com\/?post_type=product&#038;p=2380"},"modified":"2024-06-21T17:34:09","modified_gmt":"2024-06-21T17:34:09","slug":"mega-pack-50-alphabet-each-alphabet-contains-45-images-png-total-of-2250-high-quality-images-superhero-and-princess","status":"publish","type":"product","link":"https:\/\/mralphabets.com\/es\/producto\/mega-pack-50-alphabet-each-alphabet-contains-45-images-png-total-of-2250-high-quality-images-superhero-and-princess\/","title":{"rendered":"MEGA PACK 50 ALPHABET &#8211; Each Alphabet Contains 45 Images png &#8211; Total of 2250 High Quality Images &#8211; Superhero and Princess"},"content":{"rendered":"<p>Hello, today I bring you this incredible Mega Pack of 50 Different Alphabets with popular themes with a special price, read below what this Alphabet Pack brings.<\/p>\n<p>Your Purchase Contains: 50 ZIP Files, Each folder contains 45 images in total there are 2250 high quality png images.<\/p>\n<p>Each Alphabet Contains:<\/p>\n<p>26 Im\u00e1genes de Letras de la A a la Z<br \/>\n10 Im\u00e1genes de N\u00fameros de 0 al 9<br \/>\n5 Im\u00e1genes de Simbolos<br \/>\n3 Banderines de Cumplea\u00f1os<br \/>\n1 Etiqueta Multiprop\u00f3sito<\/p>\n<p>You can see the last image for reference.<\/p>\n<p>IMPORTANT: With your purchase you will receive a PDF File which you must open. This file has the Link you just have to Press and it takes you to the download, you can download everything at once or you can download each file individually. Just and Unzip the Files.<\/p>\n<p>You can also write to me before purchasing if you have any questions.<\/p>\n<p>The Images are in PNG Format Without Background of High Quality Resolution 300 DPI, Format compatible with Silhouette Studio and Cricut.<br \/>\n&#8212;&#8212;&#8212;&#8212;&#8212;&#8212;&#8212;&#8212;&#8212;&#8212;&#8212;&#8212;&#8212;&#8212;-<br \/>\nTHIS FILE IS FOR PERSONAL USE &#8211; YOU CANNOT RESELL THIS PRODUCT<\/p>\n<p>Por FAVOR NOTA: Esta lista es un ARCHIVO DIGITAL.<br \/>\nNING\u00daN F\u00cdSICO DE LOS ART\u00cdCULOS SER\u00c1N ENVIADOS. ***<\/p>\n<p>DESCARGA INSTANT\u00c1NEA = No hay tiempos de espera; Descargar los archivos tan pronto como se complete la compra<\/p>\n<p>IF YOU HAVE PROBLEMS WITH DOWNLOAD OR QUESTIONS SEND ME A MESSAGE AND I WILL BE GLAD TO HELP YOU.<\/p>","protected":false},"excerpt":{"rendered":"<p>Hello, today I bring you this incredible Mega Pack of 50 Different Alphabets with popular themes with a special price, read below what this Alphabet Pack brings.<\/p>\n<p>Your Purchase Contains: 50 ZIP Files, Each folder contains 45 images in total there are 2250 high quality png images.<\/p>\n<p>Each Alphabet Contains:<\/p>\n<p>26 Im\u00e1genes de Letras de la A a la Z<br \/>\n10 Im\u00e1genes de N\u00fameros de 0 al 9<br \/>\n5 Im\u00e1genes de Simbolos<br \/>\n3 Banderines de Cumplea\u00f1os<br \/>\n1 Etiqueta Multiprop\u00f3sito<\/p>\n<p>You can see the last image for reference.<\/p>\n<p>IMPORTANT: With your purchase you will receive a PDF File which you must open. This file has the Link you just have to Press and it takes you to the download, you can download everything at once or you can download each file individually. Just and Unzip the Files.<\/p>\n<p>You can also write to me before purchasing if you have any questions.<\/p>\n<p>The Images are in PNG Format Without Background of High Quality Resolution 300 DPI, Format compatible with Silhouette Studio and Cricut.<br \/>\n&#8212;&#8212;&#8212;&#8212;&#8212;&#8212;&#8212;&#8212;&#8212;&#8212;&#8212;&#8212;&#8212;&#8212;-<br \/>\nTHIS FILE IS FOR PERSONAL USE &#8211; YOU CANNOT RESELL THIS PRODUCT<\/p>\n<p>Por FAVOR NOTA: Esta lista es un ARCHIVO DIGITAL.<br \/>\nNING\u00daN F\u00cdSICO DE LOS ART\u00cdCULOS SER\u00c1N ENVIADOS. ***<\/p>\n<p>DESCARGA INSTANT\u00c1NEA = No hay tiempos de espera; Descargar los archivos tan pronto como se complete la compra<\/p>\n<p>IF YOU HAVE PROBLEMS WITH DOWNLOAD OR QUESTIONS SEND ME A MESSAGE AND I WILL BE GLAD TO HELP YOU.<\/p>","protected":false},"featured_media":2391,"comment_status":"open","ping_status":"closed","template":"","meta":{"jetpack_publicize_message":"","jetpack_publicize_feature_enabled":true,"jetpack_social_post_already_shared":true,"jetpack_social_options":{"image_generator_settings":{"template":"highway","enabled":false},"version":2}},"product_cat":[268,191,190],"product_tag":[200,199,203,194,279,308],"jetpack_publicize_connections":[],"yoast_head":"<!-- This site is optimized with the Yoast SEO plugin v24.5 - https:\/\/yoast.com\/wordpress\/plugins\/seo\/ -->\n<title>MEGA PACK 50 ALPHABET - Each Alphabet Contains 45 Images png - Total of 2250 High Quality Images - Superhero and Princess - MR ALPHABETS<\/title>\n<meta name=\"description\" content=\"MEGA PACK 50 ALPHABET - Each Alphabet Contains 45 Images png - Total of 2250 High Quality Images - Superhero and Princess\" \/>\n<meta name=\"robots\" content=\"index, follow, max-snippet:-1, max-image-preview:large, max-video-preview:-1\" \/>\n<link rel=\"canonical\" href=\"https:\/\/mralphabets.com\/es\/producto\/mega-pack-50-alphabet-each-alphabet-contains-45-images-png-total-of-2250-high-quality-images-superhero-and-princess\/\" \/>\n<meta property=\"og:locale\" content=\"es_MX\" \/>\n<meta property=\"og:type\" content=\"article\" \/>\n<meta property=\"og:title\" content=\"MEGA PACK 50 ALPHABET - Each Alphabet Contains 45 Images png - Total of 2250 High Quality Images - Superhero and Princess - MR ALPHABETS\" \/>\n<meta property=\"og:description\" content=\"MEGA PACK 50 ALPHABET - Each Alphabet Contains 45 Images png - Total of 2250 High Quality Images - Superhero and Princess\" \/>\n<meta property=\"og:url\" content=\"https:\/\/mralphabets.com\/es\/producto\/mega-pack-50-alphabet-each-alphabet-contains-45-images-png-total-of-2250-high-quality-images-superhero-and-princess\/\" \/>\n<meta property=\"og:site_name\" content=\"MR ALPHABETS\" \/>\n<meta property=\"article:modified_time\" content=\"2024-06-21T17:34:09+00:00\" \/>\n<meta property=\"og:image\" content=\"http:\/\/mralphabets.com\/wp-content\/uploads\/2024\/06\/Princess-and-Hero-Alphabet-1-scaled.webp\" \/>\n\t<meta property=\"og:image:width\" content=\"2560\" \/>\n\t<meta property=\"og:image:height\" content=\"2560\" \/>\n\t<meta property=\"og:image:type\" content=\"image\/webp\" \/>\n<meta name=\"twitter:card\" content=\"summary_large_image\" \/>\n<meta name=\"twitter:label1\" content=\"Tiempo de lectura\" \/>\n\t<meta name=\"twitter:data1\" content=\"1 minuto\" \/>\n<script type=\"application\/ld+json\" class=\"yoast-schema-graph\">{\"@context\":\"https:\/\/schema.org\",\"@graph\":[{\"@type\":\"WebPage\",\"@id\":\"https:\/\/mralphabets.com\/product\/mega-pack-50-alphabet-each-alphabet-contains-45-images-png-total-of-2250-high-quality-images-superhero-and-princess\/\",\"url\":\"https:\/\/mralphabets.com\/product\/mega-pack-50-alphabet-each-alphabet-contains-45-images-png-total-of-2250-high-quality-images-superhero-and-princess\/\",\"name\":\"MEGA PACK 50 ALPHABET - Each Alphabet Contains 45 Images png - Total of 2250 High Quality Images - Superhero and Princess - MR ALPHABETS\",\"isPartOf\":{\"@id\":\"https:\/\/mralphabets.com\/#website\"},\"primaryImageOfPage\":{\"@id\":\"https:\/\/mralphabets.com\/product\/mega-pack-50-alphabet-each-alphabet-contains-45-images-png-total-of-2250-high-quality-images-superhero-and-princess\/#primaryimage\"},\"image\":{\"@id\":\"https:\/\/mralphabets.com\/product\/mega-pack-50-alphabet-each-alphabet-contains-45-images-png-total-of-2250-high-quality-images-superhero-and-princess\/#primaryimage\"},\"thumbnailUrl\":\"https:\/\/mralphabets.com\/wp-content\/uploads\/2024\/06\/Princess-and-Hero-Alphabet-1-scaled.webp\",\"datePublished\":\"2024-06-21T17:28:22+00:00\",\"dateModified\":\"2024-06-21T17:34:09+00:00\",\"description\":\"MEGA PACK 50 ALPHABET - Each Alphabet Contains 45 Images png - Total of 2250 High Quality Images - Superhero and Princess\",\"breadcrumb\":{\"@id\":\"https:\/\/mralphabets.com\/product\/mega-pack-50-alphabet-each-alphabet-contains-45-images-png-total-of-2250-high-quality-images-superhero-and-princess\/#breadcrumb\"},\"inLanguage\":\"es\",\"potentialAction\":[{\"@type\":\"ReadAction\",\"target\":[\"https:\/\/mralphabets.com\/product\/mega-pack-50-alphabet-each-alphabet-contains-45-images-png-total-of-2250-high-quality-images-superhero-and-princess\/\"]}]},{\"@type\":\"ImageObject\",\"inLanguage\":\"es\",\"@id\":\"https:\/\/mralphabets.com\/product\/mega-pack-50-alphabet-each-alphabet-contains-45-images-png-total-of-2250-high-quality-images-superhero-and-princess\/#primaryimage\",\"url\":\"https:\/\/mralphabets.com\/wp-content\/uploads\/2024\/06\/Princess-and-Hero-Alphabet-1-scaled.webp\",\"contentUrl\":\"https:\/\/mralphabets.com\/wp-content\/uploads\/2024\/06\/Princess-and-Hero-Alphabet-1-scaled.webp\",\"width\":2560,\"height\":2560},{\"@type\":\"BreadcrumbList\",\"@id\":\"https:\/\/mralphabets.com\/product\/mega-pack-50-alphabet-each-alphabet-contains-45-images-png-total-of-2250-high-quality-images-superhero-and-princess\/#breadcrumb\",\"itemListElement\":[{\"@type\":\"ListItem\",\"position\":1,\"name\":\"Home\",\"item\":\"https:\/\/mralphabets.com\/\"},{\"@type\":\"ListItem\",\"position\":2,\"name\":\"Shop\",\"item\":\"https:\/\/mralphabets.com\/\"},{\"@type\":\"ListItem\",\"position\":3,\"name\":\"MEGA PACK 50 ALPHABET &#8211; Each Alphabet Contains 45 Images png &#8211; Total of 2250 High Quality Images &#8211; Superhero and Princess\"}]},{\"@type\":\"WebSite\",\"@id\":\"https:\/\/mralphabets.com\/#website\",\"url\":\"https:\/\/mralphabets.com\/\",\"name\":\"MR ALPHABETS\",\"description\":\"Printable Digital Alphabets\",\"publisher\":{\"@id\":\"https:\/\/mralphabets.com\/#organization\"},\"potentialAction\":[{\"@type\":\"SearchAction\",\"target\":{\"@type\":\"EntryPoint\",\"urlTemplate\":\"https:\/\/mralphabets.com\/?s={search_term_string}\"},\"query-input\":{\"@type\":\"PropertyValueSpecification\",\"valueRequired\":true,\"valueName\":\"search_term_string\"}}],\"inLanguage\":\"es\"},{\"@type\":\"Organization\",\"@id\":\"https:\/\/mralphabets.com\/#organization\",\"name\":\"MR ALPHABETS\",\"url\":\"https:\/\/mralphabets.com\/\",\"logo\":{\"@type\":\"ImageObject\",\"inLanguage\":\"es\",\"@id\":\"https:\/\/mralphabets.com\/#\/schema\/logo\/image\/\",\"url\":\"http:\/\/mralphabets.com\/wp-content\/uploads\/2022\/12\/logo9_26_10216.png\",\"contentUrl\":\"http:\/\/mralphabets.com\/wp-content\/uploads\/2022\/12\/logo9_26_10216.png\",\"width\":1000,\"height\":1000,\"caption\":\"MR ALPHABETS\"},\"image\":{\"@id\":\"https:\/\/mralphabets.com\/#\/schema\/logo\/image\/\"}}]}<\/script>\n<!-- \/ Yoast SEO plugin. -->","yoast_head_json":{"title":"MEGA PACK 50 ALPHABET - Each Alphabet Contains 45 Images png - Total of 2250 High Quality Images - Superhero and Princess - MR ALPHABETS","description":"MEGA PACK 50 ALPHABET - Each Alphabet Contains 45 Images png - Total of 2250 High Quality Images - Superhero and Princess","robots":{"index":"index","follow":"follow","max-snippet":"max-snippet:-1","max-image-preview":"max-image-preview:large","max-video-preview":"max-video-preview:-1"},"canonical":"https:\/\/mralphabets.com\/es\/producto\/mega-pack-50-alphabet-each-alphabet-contains-45-images-png-total-of-2250-high-quality-images-superhero-and-princess\/","og_locale":"es_MX","og_type":"article","og_title":"MEGA PACK 50 ALPHABET - Each Alphabet Contains 45 Images png - Total of 2250 High Quality Images - Superhero and Princess - MR ALPHABETS","og_description":"MEGA PACK 50 ALPHABET - Each Alphabet Contains 45 Images png - Total of 2250 High Quality Images - Superhero and Princess","og_url":"https:\/\/mralphabets.com\/es\/producto\/mega-pack-50-alphabet-each-alphabet-contains-45-images-png-total-of-2250-high-quality-images-superhero-and-princess\/","og_site_name":"MR ALPHABETS","article_modified_time":"2024-06-21T17:34:09+00:00","og_image":[{"width":2560,"height":2560,"url":"http:\/\/mralphabets.com\/wp-content\/uploads\/2024\/06\/Princess-and-Hero-Alphabet-1-scaled.webp","type":"image\/webp"}],"twitter_card":"summary_large_image","twitter_misc":{"Tiempo de lectura":"1 minuto"},"schema":{"@context":"https:\/\/schema.org","@graph":[{"@type":"WebPage","@id":"https:\/\/mralphabets.com\/product\/mega-pack-50-alphabet-each-alphabet-contains-45-images-png-total-of-2250-high-quality-images-superhero-and-princess\/","url":"https:\/\/mralphabets.com\/product\/mega-pack-50-alphabet-each-alphabet-contains-45-images-png-total-of-2250-high-quality-images-superhero-and-princess\/","name":"MEGA PACK 50 ALPHABET - Each Alphabet Contains 45 Images png - Total of 2250 High Quality Images - Superhero and Princess - MR ALPHABETS","isPartOf":{"@id":"https:\/\/mralphabets.com\/#website"},"primaryImageOfPage":{"@id":"https:\/\/mralphabets.com\/product\/mega-pack-50-alphabet-each-alphabet-contains-45-images-png-total-of-2250-high-quality-images-superhero-and-princess\/#primaryimage"},"image":{"@id":"https:\/\/mralphabets.com\/product\/mega-pack-50-alphabet-each-alphabet-contains-45-images-png-total-of-2250-high-quality-images-superhero-and-princess\/#primaryimage"},"thumbnailUrl":"https:\/\/mralphabets.com\/wp-content\/uploads\/2024\/06\/Princess-and-Hero-Alphabet-1-scaled.webp","datePublished":"2024-06-21T17:28:22+00:00","dateModified":"2024-06-21T17:34:09+00:00","description":"MEGA PACK 50 ALPHABET - Each Alphabet Contains 45 Images png - Total of 2250 High Quality Images - Superhero and Princess","breadcrumb":{"@id":"https:\/\/mralphabets.com\/product\/mega-pack-50-alphabet-each-alphabet-contains-45-images-png-total-of-2250-high-quality-images-superhero-and-princess\/#breadcrumb"},"inLanguage":"es","potentialAction":[{"@type":"ReadAction","target":["https:\/\/mralphabets.com\/product\/mega-pack-50-alphabet-each-alphabet-contains-45-images-png-total-of-2250-high-quality-images-superhero-and-princess\/"]}]},{"@type":"ImageObject","inLanguage":"es","@id":"https:\/\/mralphabets.com\/product\/mega-pack-50-alphabet-each-alphabet-contains-45-images-png-total-of-2250-high-quality-images-superhero-and-princess\/#primaryimage","url":"https:\/\/mralphabets.com\/wp-content\/uploads\/2024\/06\/Princess-and-Hero-Alphabet-1-scaled.webp","contentUrl":"https:\/\/mralphabets.com\/wp-content\/uploads\/2024\/06\/Princess-and-Hero-Alphabet-1-scaled.webp","width":2560,"height":2560},{"@type":"BreadcrumbList","@id":"https:\/\/mralphabets.com\/product\/mega-pack-50-alphabet-each-alphabet-contains-45-images-png-total-of-2250-high-quality-images-superhero-and-princess\/#breadcrumb","itemListElement":[{"@type":"ListItem","position":1,"name":"Home","item":"https:\/\/mralphabets.com\/"},{"@type":"ListItem","position":2,"name":"Shop","item":"https:\/\/mralphabets.com\/"},{"@type":"ListItem","position":3,"name":"MEGA PACK 50 ALPHABET &#8211; Each Alphabet Contains 45 Images png &#8211; Total of 2250 High Quality Images &#8211; Superhero and Princess"}]},{"@type":"WebSite","@id":"https:\/\/mralphabets.com\/#website","url":"https:\/\/mralphabets.com\/","name":"MR ALFABETOS","description":"Digitales De Impresi\u00f3n Alfabetos","publisher":{"@id":"https:\/\/mralphabets.com\/#organization"},"potentialAction":[{"@type":"SearchAction","target":{"@type":"EntryPoint","urlTemplate":"https:\/\/mralphabets.com\/?s={search_term_string}"},"query-input":{"@type":"PropertyValueSpecification","valueRequired":true,"valueName":"search_term_string"}}],"inLanguage":"es"},{"@type":"Organization","@id":"https:\/\/mralphabets.com\/#organization","name":"MR ALFABETOS","url":"https:\/\/mralphabets.com\/","logo":{"@type":"ImageObject","inLanguage":"es","@id":"https:\/\/mralphabets.com\/#\/schema\/logo\/image\/","url":"http:\/\/mralphabets.com\/wp-content\/uploads\/2022\/12\/logo9_26_10216.png","contentUrl":"http:\/\/mralphabets.com\/wp-content\/uploads\/2022\/12\/logo9_26_10216.png","width":1000,"height":1000,"caption":"MR ALPHABETS"},"image":{"@id":"https:\/\/mralphabets.com\/#\/schema\/logo\/image\/"}}]}},"jetpack_sharing_enabled":true,"_links":{"self":[{"href":"https:\/\/mralphabets.com\/es\/wp-json\/wp\/v2\/product\/2380"}],"collection":[{"href":"https:\/\/mralphabets.com\/es\/wp-json\/wp\/v2\/product"}],"about":[{"href":"https:\/\/mralphabets.com\/es\/wp-json\/wp\/v2\/types\/product"}],"replies":[{"embeddable":true,"href":"https:\/\/mralphabets.com\/es\/wp-json\/wp\/v2\/comments?post=2380"}],"wp:featuredmedia":[{"embeddable":true,"href":"https:\/\/mralphabets.com\/es\/wp-json\/wp\/v2\/media\/2391"}],"wp:attachment":[{"href":"https:\/\/mralphabets.com\/es\/wp-json\/wp\/v2\/media?parent=2380"}],"wp:term":[{"taxonomy":"product_cat","embeddable":true,"href":"https:\/\/mralphabets.com\/es\/wp-json\/wp\/v2\/product_cat?post=2380"},{"taxonomy":"product_tag","embeddable":true,"href":"https:\/\/mralphabets.com\/es\/wp-json\/wp\/v2\/product_tag?post=2380"}],"curies":[{"name":"wp","href":"https:\/\/api.w.org\/{rel}","templated":true}]}}